{"id":2000,"date":"2019-10-09T09:31:56","date_gmt":"2019-10-09T09:31:56","guid":{"rendered":"https:\/\/www.risoscottisnack.it\/en\/?page_id=2000"},"modified":"2019-10-09T09:32:44","modified_gmt":"2019-10-09T09:32:44","slug":"cookie-policy","status":"publish","type":"page","link":"https:\/\/www.risoscottisnack.it\/en\/cookie-policy\/","title":{"rendered":"Cookie Policy"},"content":{"rendered":"<p><div class=\"fusion-fullwidth fullwidth-box Banner-prodotto Full-width nonhundred-percent-fullwidth non-hundred-percent-height-scrolling\"  style='background-color: rgba(255,255,255,0);background-position: center center;background-repeat: no-repeat;'><div class=\"fusion-builder-row fusion-row \"><div  class=\"fusion-layout-column fusion_builder_column fusion_builder_column_1_1 fusion-builder-column-1 fusion-one-full fusion-column-first fusion-column-last 1_1\"  style='margin-top:0px;margin-bottom:0px;'>\n\t\t\t\t\t<div class=\"fusion-column-wrapper\" style=\"padding: 0px 0px 0px 0px;background-position:left top;background-repeat:no-repeat;-webkit-background-size:cover;-moz-background-size:cover;-o-background-size:cover;background-size:cover;\"   data-bg-url=\"\">\n\t\t\t\t\t\t<span class=\"fusion-imageframe imageframe-none imageframe-1 hover-type-none\"><img loading=\"lazy\" src=\"https:\/\/www.risoscottisnack.it\/en\/wp-content\/uploads\/2019\/09\/Copertina-i-nostri-prodotti.jpg\" width=\"1920\" height=\"600\" alt=\"\" title=\"Copertina-i-nostri-prodotti\" class=\"img-responsive wp-image-1348\" srcset=\"https:\/\/www.risoscottisnack.it\/en\/wp-content\/uploads\/2019\/09\/Copertina-i-nostri-prodotti-200x63.jpg 200w, https:\/\/www.risoscottisnack.it\/en\/wp-content\/uploads\/2019\/09\/Copertina-i-nostri-prodotti-400x125.jpg 400w, https:\/\/www.risoscottisnack.it\/en\/wp-content\/uploads\/2019\/09\/Copertina-i-nostri-prodotti-600x188.jpg 600w, https:\/\/www.risoscottisnack.it\/en\/wp-content\/uploads\/2019\/09\/Copertina-i-nostri-prodotti-800x250.jpg 800w, https:\/\/www.risoscottisnack.it\/en\/wp-content\/uploads\/2019\/09\/Copertina-i-nostri-prodotti-1200x375.jpg 1200w, https:\/\/www.risoscottisnack.it\/en\/wp-content\/uploads\/2019\/09\/Copertina-i-nostri-prodotti.jpg 1920w\" sizes=\"(max-width: 800px) 100vw, 1920px\" \/><\/span><div class=\"fusion-clearfix\"><\/div>\n\n\t\t\t\t\t<\/div>\n\t\t\t\t<\/div><\/div><\/div><div class=\"fusion-fullwidth fullwidth-box small-content-padding nonhundred-percent-fullwidth non-hundred-percent-height-scrolling\"  style='background-color: rgba(255,255,255,0);background-position: center center;background-repeat: no-repeat;padding-right:30px;padding-left:30px;margin-bottom: 80px;margin-top: 80px;'><div class=\"fusion-builder-row fusion-row \"><div  class=\"fusion-layout-column fusion_builder_column fusion_builder_column_1_1 fusion-builder-column-2 fusion-one-full fusion-column-first fusion-column-last 1_1\"  style='margin-top:0px;margin-bottom:20px;'>\n\t\t\t\t\t<div class=\"fusion-column-wrapper\" style=\"padding: 0px 0px 0px 0px;background-position:left top;background-repeat:no-repeat;-webkit-background-size:cover;-moz-background-size:cover;-o-background-size:cover;background-size:cover;\"   data-bg-url=\"\">\n\t\t\t\t\t\t<style type=\"text\/css\">@media only screen and (max-width:800px) {.fusion-title.fusion-title-1{margin-top:0px!important;margin-bottom:50px!important;}}<\/style><div class=\"fusion-title title fusion-title-1 fusion-sep-none fusion-title-size-two\" style=\"font-size:30px;margin-top:0px;margin-bottom:50px;\"><h2 class=\"title-heading-left\" style=\"margin:0;font-size:1em;line-height:1.2;color:#000000;\"><b>COOKIES<\/b><\/h2><\/div><div class=\"fusion-text\"><p>Questo sito web utilizza cookie e tecnologie simili per garantire il corretto funzionamento e migliorare l \u00b4esperienza di uso. Il presente testo fornisce informazioni dettagliate sull\u00b4utilizzo di tali strumenti da parte del titolare del trattamento e su come l\u00b4utente pu\u00f2 gestirne il funzionamento.<\/p>\n<p><strong>Cosa \u00e8 un cookie<\/strong><br \/>\n<a href=\"https:\/\/www.garanteprivacy.it\/web\/guest\/home\/docweb\/-\/docweb-display\/docweb\/2142939\">Come illustrato dal Garante della Privacy nella specifica pagina di FAQ<\/a>, &#8220;\u2026i cookie sono piccoli file di testo che i siti visitati dall\u00b4utente inviano al suo terminale (solitamente al browser), dove vengono memorizzati per essere poi ritrasmessi agli stessi siti alla successiva visita del medesimo utente. Nel corso della navigazione su un sito, l\u00b4utente pu\u00f2 ricevere sul suo terminale anche cookie di siti o di web server diversi (c.d.cookie di &#8220;terze parti&#8221;); ci\u00f2 accade perch\u00e9 sul sito web visitato possono essere presenti elementi come, ad esempio, immagini, mappe, suoni, specifici link a pagine web di altri domini che risiedono su server diversi da quello sul quale si trova la pagina richiesta. In altre parole, sono quei cookie che vengono impostati da un sito web diverso da quello che si sta attualmente visitando&#8221;.<\/p>\n<p><strong>Tipologie di cookie<\/strong><\/p>\n<p><strong>Cookie indispensabili<\/strong><br \/>\nQuesti cookie sono essenziali al fine di consentire di spostarsi in tutto il sito ed utilizzare a pieno le sue caratteristiche, come ad esempio accedere alle varie aree protette del sito. Senza questi cookie alcuni servizi necessari, come la compilazione di un form per l\u00b4invio di una segnalazione, non possono essere fruiti. Utilizzando il nostro sito, l\u00b4utente accetta che tali cookie possono essere installati sul proprio dispositivo.<\/p>\n<p>Cookie tecnici utilizzati sul nostro sito:<\/p>\n<p>&#8211; PHPSESSID (cookie tecnico di sessione): cookie necessario al normale funzionamento del sito.<\/p>\n<p>&#8211; CookieAccept (cookie tecnico persistente): cookie che tiene traccia del consenso acquisito riguardo all\u2019utilizzo dei cookie. Durata: 365 giorni.<\/p>\n<p><strong>Cookie di terze parti<\/strong><br \/>\nVisitando un sito web si possono ricevere cookie sia dal sito visitato (&#8220;proprietari&#8221;), sia da siti gestiti da altre organizzazioni (&#8220;terze parti&#8221;). Un esempio notevole \u00e8 rappresentato dalla presenza dei &#8220;social plugin&#8221; per Facebook, Twitter, Google+: si tratta di parti della pagina visitata generate direttamente dai suddetti siti ed integrati nella pagina del sito ospitante. L\u00b4utilizzo pi\u00f9 comune dei social plugin \u00e8 finalizzato alla condivisione dei contenuti sui social network. La presenza di questi plugin comporta la trasmissione di cookie da e verso tutti i siti gestiti da terze parti. La gestione delle informazioni raccolte da &#8220;terze parti&#8221; \u00e8 disciplinata dalle relative informative cui si prega di fare riferimento. Per garantire una maggiore trasparenza e comodit\u00e0, si riportano qui di seguito gli indirizzi web delle diverse informative e delle modalit\u00e0 per la gestione dei cookie relativi ai social network connessi con il presente portale:<\/p>\n<ul>\n<li><a href=\"https:\/\/www.facebook.com\/policies\/cookies\/\">Facebook<\/a> (accedere al proprio account per la configurazione. Sezione privacy)<\/li>\n<li><a href=\"https:\/\/policies.google.com\/privacy?hl=it&amp;gl=it\">Google Maps<\/a><\/li>\n<li><a href=\"https:\/\/support.google.com\/analytics\/answer\/6004245?hl=it\">Google Analytics<\/a><\/li>\n<li><a href=\"https:\/\/it.linkedin.com\/legal\/privacy-policy\">Slideshare<\/a><\/li>\n<\/ul>\n<p><strong>Google Analytics<\/strong><br \/>\nQuesto sito web utilizza Google Analytics, un servizio di analisi web fornito da Google , Inc. ( &#8220;Google&#8221;). Google Analytics utilizza dei cookie per consentire al sito web di analizzare come gli utenti utilizzano il sito. Le informazioni raccolte tramite il cookie sull\u00b4utilizzo del sito web ( compreso l\u00b4indirizzo IP dell \u00b4utente mascherato tramite apposita funzione _anonymizeIp) verranno trasmesse e depositate presso i server di Google, che utilizzer\u00e0 queste informazioni allo scopo di esaminare e compilare report sulle attivit\u00e0 del sito e fornire altri servizi correlati e relativi all\u00b4utilizzo di internet. Google pu\u00f2 anche trasferire queste informazioni a terzi ove ci\u00f2 sia imposto dalla legge o laddove tali terzi trattino le suddette informazioni per conto di Google. Google non assocer\u00e0 l\u00b4indirizzo IP dell\u00b4utente a nessun altro dato posseduto. Utilizzando il presente sito web, l\u00b4utente acconsente al trattamento dei propri dati da parte di Google con le modalit\u00e0 ed i fini sopraindicati. Si pu\u00f2 impedire a Google il rilevamento e l\u00b4elaborazione di tali informazioni scaricando e installando questo plugin per il browser : <a href=\"http:\/\/tools.google.com\/dlpage\/gaoptout?hl=en\">http:\/\/tools.google.com\/dlpage\/gaoptout?hl=en<\/a><br \/>\nIl Titolare del trattamento dei dati relativo a questo sito \u00e8 Riso Scotti SpA<\/p>\n<p><strong>Disabilitazione dei cookie<\/strong><\/p>\n<p>Per limitare, bloccare o eliminare i cookie basta intervenire sulle impostazioni del proprio web browser. La procedura varia leggermente rispetto al tipo di browser utilizzato. Per le istruzioni dettagliate, cliccare sul link relativo al browser utilizzato.<\/p>\n<p>1. Ulteriori informazioni sulla disabilitazione dei cookie su <a href=\"https:\/\/support.mozilla.org\/it\/kb\/Attivare%20e%20disattivare%20i%20cookie\">Firefox<\/a><\/p>\n<p>2. Ulteriori informazioni sulla disabilitazione dei cookie su <a href=\"https:\/\/policies.google.com\/technologies\/managing?hl=it\">Chrome<\/a><\/p>\n<p>3. Ulteriori informazioni sulla disabilitazione dei cookie su <a href=\"https:\/\/support.microsoft.com\/it-it\/help\/17442\/windows-internet-explorer-delete-manage-cookies#ie=ie-11\">Internet Explorer<\/a><\/p>\n<p>4. Ulteriori informazioni sulla disabilitazione dei cookie su <a href=\"https:\/\/support.apple.com\/it-it\/HT201265\">Safari<\/a><\/p>\n<p>5. Ulteriori informazioni sulla disabilitazione dei cookie su <a href=\"https:\/\/help.opera.com\/en\/latest\/web-preferences\/#cookies\">Opera<\/a><\/p>\n<p>Attenzione: alcune sezioni del nostro sito sono accessibili solo abilitando i cookie; disattivandoli \u00e8 possibile che non si abbia pi\u00f9 accesso ad alcuni contenuti e non si possano apprezzare appieno le funzionalit\u00e0 del sito web.<\/p>\n<p>Il provvedimento del Garante (consultabile in questo link: <a href=\"http:\/\/www.garanteprivacy.it\/web\/guest\/home\/docweb\/-\/docwebdisplay\/docweb\/3118884\">http:\/\/www.garanteprivacy.it\/web\/guest\/home\/docweb\/-\/docwebdisplay\/docweb\/3118884<\/a>) \u00e8 intervenuto per arginare il fenomeno legati ai cookies di profilazione e tecnici, imponendo delle prassi di notifica e accettazione ben evidenti, sia tra il fornitore dei servizi on-line (ossia titolare del sito) e l&#8217;utente che tra il fornitore dei servizi ed il garante stesso.<\/p>\n<p><strong>Lo stesso provvedimento rende invece particolarmente semplice l&#8217;adempimento per i fornitori di servizi online attraverso siti che utilizzano solo cookies tecnici: basta infatti, come peraltro chiarito nella sezione FAQ del sito del Garante (<a href=\"https:\/\/www.garanteprivacy.it\/web\/guest\/home\/docweb\/-\/docweb-display\/docweb\/3585077\">link<\/a>) alla domanda n. 12, dare l&#8217;informativa agli utenti con le modalit\u00e0 che ritengono pi\u00f9 idonee, ad esempio, anche tramite l&#8217;inserimento delle relative indicazioni nella privacy policy indicata nel sito istituzionale.<\/strong><\/p>\n<p>La informiamo che, ai sensi dell&#8217;art. 13 del D. Lgs. 196\/2003, si proceder\u00e0 al trattamento dei dati da Lei forniti nel rispetto della normativa in materia di tutela del trattamento dei dati personali. I dati personali da Lei forniti sono raccolti SOLO per l&#8217;elaborazione e l&#8217;invio dei servizi informativi richiesti e sono obbligatori ai fini dell&#8217;erogazione dei suddetti servizi. In ogni caso i suoi dati non saranno diffusi n\u00e9 ceduti a terzi. Ai sensi dell&#8217;art. 7 del D. Lgs. 196\/2003, Lei ha diritto in qualsiasi momento di ottenere, a cura del Responsabile, informazioni sul trattamento dei Suoi dati, sulle sue modalit\u00e0 e finalit\u00e0 e sulla logica ad esso applicata.<\/p>\n<\/div><div class=\"fusion-clearfix\"><\/div>\n\n\t\t\t\t\t<\/div>\n\t\t\t\t<\/div><\/div><\/div><\/p>\n","protected":false},"excerpt":{"rendered":"","protected":false},"author":1,"featured_media":0,"parent":0,"menu_order":0,"comment_status":"closed","ping_status":"open","template":"","meta":[],"_links":{"self":[{"href":"https:\/\/www.risoscottisnack.it\/en\/wp-json\/wp\/v2\/pages\/2000"}],"collection":[{"href":"https:\/\/www.risoscottisnack.it\/en\/wp-json\/wp\/v2\/pages"}],"about":[{"href":"https:\/\/www.risoscottisnack.it\/en\/wp-json\/wp\/v2\/types\/page"}],"author":[{"embeddable":true,"href":"https:\/\/www.risoscottisnack.it\/en\/wp-json\/wp\/v2\/users\/1"}],"replies":[{"embeddable":true,"href":"https:\/\/www.risoscottisnack.it\/en\/wp-json\/wp\/v2\/comments?post=2000"}],"version-history":[{"count":2,"href":"https:\/\/www.risoscottisnack.it\/en\/wp-json\/wp\/v2\/pages\/2000\/revisions"}],"predecessor-version":[{"id":2002,"href":"https:\/\/www.risoscottisnack.it\/en\/wp-json\/wp\/v2\/pages\/2000\/revisions\/2002"}],"wp:attachment":[{"href":"https:\/\/www.risoscottisnack.it\/en\/wp-json\/wp\/v2\/media?parent=2000"}],"curies":[{"name":"wp","href":"https:\/\/api.w.org\/{rel}","templated":true}]}}